{"id":129,"date":"2026-01-24T17:17:26","date_gmt":"2026-01-24T16:17:26","guid":{"rendered":"https:\/\/krajewskys.czerwinskis.de\/?page_id=129"},"modified":"2026-02-01T19:30:13","modified_gmt":"2026-02-01T18:30:13","slug":"guilty-pleasures","status":"publish","type":"page","link":"https:\/\/krajewskys.czerwinskis.de\/index.php\/guilty-pleasures\/","title":{"rendered":"Guilty pleasures"},"content":{"rendered":"\n<div class=\"wp-block-group alignfull is-style-section-2 has-theme-4-color has-text-color has-link-color wp-elements-4a4c0707391a65bb1eb003bdaefba0fd has-global-padding is-content-justification-center is-layout-constrained wp-container-core-group-is-layout-df757ecc wp-block-group-is-layout-constrained is-style-section-2--1\" style=\"margin-top:0;margin-bottom:0;padding-top:calc( 0.5 * var(--wp--style--root--padding-right, var(--wp--custom--gap--horizontal)));padding-right:var(--wp--style--root--padding-right, var(--wp--custom--gap--horizontal));padding-bottom:calc( 0.5 * var(--wp--style--root--padding-right, var(--wp--custom--gap--horizontal)));padding-left:var(--wp--style--root--padding-left, var(--wp--custom--gap--horizontal))\">\n<div style=\"height:calc( 0.25 * var(--wp--style--root--padding-right, var(--wp--custom--gap--horizontal)))\" aria-hidden=\"true\" class=\"wp-block-spacer\"><\/div>\n\n\n\n<div class=\"wp-block-columns alignwide are-vertically-aligned-center is-layout-flex wp-container-core-columns-is-layout-28f84493 wp-block-columns-is-layout-flex\">\n<div class=\"wp-block-column is-vertically-aligned-center is-layout-flow wp-block-column-is-layout-flow\">\n<figure class=\"wp-block-image size-full is-style-default\"><img loading=\"lazy\" decoding=\"async\" width=\"1536\" height=\"2048\" src=\"https:\/\/krajewskys.czerwinskis.de\/wp-content\/uploads\/2026\/01\/IMG_4888.jpeg\" alt=\"\" class=\"wp-image-237\" style=\"aspect-ratio:0.749999970352095;object-fit:cover\" srcset=\"https:\/\/krajewskys.czerwinskis.de\/wp-content\/uploads\/2026\/01\/IMG_4888.jpeg 1536w, https:\/\/krajewskys.czerwinskis.de\/wp-content\/uploads\/2026\/01\/IMG_4888-225x300.jpeg 225w, https:\/\/krajewskys.czerwinskis.de\/wp-content\/uploads\/2026\/01\/IMG_4888-768x1024.jpeg 768w, https:\/\/krajewskys.czerwinskis.de\/wp-content\/uploads\/2026\/01\/IMG_4888-1152x1536.jpeg 1152w\" sizes=\"auto, (max-width: 1536px) 100vw, 1536px\" \/><\/figure>\n<\/div>\n\n\n\n<div class=\"wp-block-column is-vertically-aligned-center is-layout-flow wp-block-column-is-layout-flow\">\n<h2 class=\"wp-block-heading alignwide\">Guilty Pleasures<\/h2>\n\n\n\n<p class=\"has-theme-3-color has-text-color has-link-color wp-elements-c418afb3fe40ca2bbc8a2ccae46426ea\">Jetzt seid ihr dran: Wir wollen eure Guilty Pleasure Songs wissen!<br>Guilty Pleasure bedeutet Musik, die man heimlich liebt, laut mitsingt und offiziell nat\u00fcrlich <em>niemals<\/em> gut findet.<br>Ob 90er-Hit, Trash-Pop oder peinlicher Ohrwurm \u2013 alles ist erlaubt. Gerne auch mehrere Songs oder die eine Nummer, die auf keinen Fall fehlen darf.<br>Und keine Sorge: Eure Angaben werden selbstverst\u00e4ndlich streng vertraulich behandelt \u2026 und h\u00f6chstens auf der Tanzfl\u00e4che \u00f6ffentlich gefeiert.<\/p>\n<\/div>\n<\/div>\n\n\n\n<div style=\"height:calc( 0.25 * var(--wp--style--root--padding-right, var(--wp--custom--gap--horizontal)))\" aria-hidden=\"true\" class=\"wp-block-spacer\"><\/div>\n<\/div>\n\n\n\n<div class=\"wp-block-group alignfull is-style-section-1 has-theme-4-color has-theme-3-background-color has-text-color has-background has-link-color wp-elements-9150bc9431d747cd0693d5f4f985d4b7 has-global-padding is-content-justification-center is-layout-constrained wp-container-core-group-is-layout-df757ecc wp-block-group-is-layout-constrained is-style-section-1--2\" style=\"margin-top:0;margin-bottom:0;padding-top:calc( 0.5 * var(--wp--style--root--padding-right, var(--wp--custom--gap--horizontal)));padding-right:var(--wp--style--root--padding-right, var(--wp--custom--gap--horizontal));padding-bottom:calc( 0.5 * var(--wp--style--root--padding-right, var(--wp--custom--gap--horizontal)));padding-left:var(--wp--style--root--padding-left, var(--wp--custom--gap--horizontal))\">\n<div style=\"height:calc( 0.25 * var(--wp--style--root--padding-right, var(--wp--custom--gap--horizontal)))\" aria-hidden=\"true\" class=\"wp-block-spacer\"><\/div>\n\n\n\n<div class=\"wp-block-columns alignwide are-vertically-aligned-center is-layout-flex wp-container-core-columns-is-layout-28f84493 wp-block-columns-is-layout-flex\">\n<div class=\"wp-block-column is-vertically-aligned-center is-layout-flow wp-block-column-is-layout-flow\">\t\t\t<div class=\"srfm-form-container srfm-form-container-160 srfm-bg-color\">\n\t\t\t<style>\n\t\t\t\t\/* Need to check and remove the input variables related to the Style Tab. *\/\n\t\t\t\t.srfm-form-container-160 {\n\t\t\t\t\t\/* New test variables *\/\n\t\t\t\t\t--srfm-color-scheme-primary: #c0763d;\n\t\t\t\t\t--srfm-color-scheme-text-on-primary: #FFFFFF;\n\t\t\t\t\t--srfm-color-scheme-text: #c0763d;\n\t\t\t\t\t--srfm-quill-editor-color: #c0763d;\n\n\t\t\t\t\t--srfm-color-input-label: #c0763d;\n\t\t\t\t\t--srfm-color-input-description: hsl( from #c0763d h s l \/ 0.65 );\n\t\t\t\t\t--srfm-color-input-placeholder: hsl( from #c0763d h s l \/ 0.5 );\n\t\t\t\t\t--srfm-color-input-text: #c0763d;\n\t\t\t\t\t--srfm-color-input-prefix: hsl( from #c0763d h s l \/ 0.65 );\n\t\t\t\t\t--srfm-color-input-background: hsl( from #c0763d h s l \/ 0.02 );\n\t\t\t\t\t--srfm-color-input-background-hover: hsl( from #c0763d h s l \/ 0.05 );\n\t\t\t\t\t--srfm-color-input-background-disabled: hsl( from #c0763d h s l \/ 0.07 );\n\t\t\t\t\t--srfm-color-input-border: hsl( from #c0763d h s l \/ 0.25 );\n\t\t\t\t\t--srfm-color-input-border-disabled: hsl( from #c0763d h s l \/ 0.15 );\n\t\t\t\t\t--srfm-color-multi-choice-svg: hsl( from #c0763d h s l \/ 0.7 );\n\t\t\t\t\t--srfm-color-input-border-hover: hsl( from #c0763d h s l \/ 0.65 );\n\t\t\t\t\t--srfm-color-input-border-focus-glow: hsl( from #c0763d h s l \/ 0.15 );\n\t\t\t\t\t--srfm-color-input-selected: hsl( from #c0763d h s l \/ 0.1 );\n\t\t\t\t\t--srfm-btn-color-hover: hsl( from #c0763d h s l \/ 0.9 );\n\t\t\t\t\t--srfm-btn-color-disabled: hsl( from #c0763d h s l \/ 0.25 );\n\n\t\t\t\t\t\/* Dropdown Variables *\/\n\t\t\t\t\t--srfm-dropdown-input-background-hover: hsl( from #c0763d h s l \/ 0.05 );\n\t\t\t\t\t--srfm-dropdown-option-background-hover: hsl( from #c0763d h s l \/ 0.10 );\n\t\t\t\t\t--srfm-dropdown-option-background-selected: hsl( from #c0763d h s l \/ 0.05 );\n\t\t\t\t\t--srfm-dropdown-option-selected-icon: hsl( from #c0763d h s l \/ 0.65 );\n\t\t\t\t\t--srfm-dropdown-option-text-color: hsl( from #c0763d h s l \/ 0.80 );\n\t\t\t\t\t--srfm-dropdown-option-selected-text: #c0763d;\n\t\t\t\t\t--srfm-dropdown-badge-background: hsl( from #c0763d h s l \/ 0.05 );\n\t\t\t\t\t--srfm-dropdown-badge-background-hover: hsl( from #c0763d h s l \/ 0.10 );\n\t\t\t\t\t--srfm-dropdown-menu-border-color: hsl( from #c0763d h s l \/ 0.10 );\n\t\t\t\t\t--srfm-dropdown-placeholder-color: hsl( from #c0763d h s l \/ 0.50 );\n\t\t\t\t\t--srfm-dropdown-icon-color: hsl( from #c0763d h s l \/ 0.65 );\n\t\t\t\t\t--srfm-dropdown-icon-disabled: hsl( from #c0763d h s l \/ 0.25 );\n\n\t\t\t\t\t\/* Background Control Variables *\/\n\t\t\t\t\t--srfm-instant-form-padding-top: 32px;--srfm-instant-form-padding-right: 32px;--srfm-instant-form-padding-bottom: 32px;--srfm-instant-form-padding-left: 32px;--srfm-instant-form-border-radius-top: 12px;--srfm-instant-form-border-radius-right: 12px;--srfm-instant-form-border-radius-bottom: 12px;--srfm-instant-form-border-radius-left: 12px;--srfm-form-padding-top: 0px;--srfm-form-padding-right: 0px;--srfm-form-padding-bottom: 0px;--srfm-form-padding-left: 0px;--srfm-form-border-radius-top: 0px;--srfm-form-border-radius-right: 0px;--srfm-form-border-radius-bottom: 0px;--srfm-form-border-radius-left: 0px;--srfm-bg-color: #fbedd3;--srfm-bg-overlay-opacity: 1;\t\t\t\t\t--srfm-row-gap-between-blocks: 18px;--srfm-address-label-font-size: 16px;--srfm-address-label-line-height: 24px;--srfm-address-description-font-size: 14px;--srfm-address-description-line-height: 20px;--srfm-col-gap-between-fields: 16px;--srfm-row-gap-between-fields: 16px;--srfm-gap-below-address-label: 14px;--srfm-dropdown-font-size: 14px;--srfm-dropdown-gap-between-input-menu: 4px;--srfm-dropdown-badge-padding: 2px 6px;--srfm-dropdown-multiselect-font-size: 12px;--srfm-dropdown-multiselect-line-height: 16px;--srfm-dropdown-padding-right: 12px;--srfm-dropdown-padding-right-icon: calc( var( --srfm-dropdown-padding-right ) + 20px );--srfm-dropdown-multiselect-padding: 8px var( --srfm-dropdown-padding-right-icon ) 8px 8px;--srfm-input-height: 44px;--srfm-input-field-padding: 10px 12px;--srfm-input-field-font-size: 16px;--srfm-input-field-line-height: 24px;--srfm-input-field-margin-top: 6px;--srfm-input-field-margin-bottom: 6px;--srfm-checkbox-label-font-size: 16px;--srfm-checkbox-label-line-height: 24px;--srfm-checkbox-description-font-size: 14px;--srfm-checkbox-description-line-height: 20px;--srfm-check-ctn-width: 16px;--srfm-check-ctn-height: 16px;--srfm-check-svg-size: 10px;--srfm-checkbox-margin-top-frontend: 4px;--srfm-checkbox-margin-top-editor: 6px;--srfm-check-gap: 8px;--srfm-checkbox-description-margin-left: 24px;--srfm-flag-section-padding: 10px 0 10px 12px;--srfm-gap-between-icon-text: 8px;--srfm-label-font-size: 16px;--srfm-label-line-height: 24px;--srfm-description-font-size: 14px;--srfm-description-line-height: 20px;--srfm-btn-padding: 10px 14px;--srfm-btn-font-size: 16px;--srfm-btn-line-height: 24px;--srfm-multi-choice-horizontal-padding: 20px;--srfm-multi-choice-vertical-padding: 20px;--srfm-multi-choice-internal-option-gap: 8px;--srfm-multi-choice-vertical-svg-size: 40px;--srfm-multi-choice-horizontal-image-size: 24px;--srfm-multi-choice-vertical-image-size: 120px;--srfm-multi-choice-outer-padding: 2px;\t\t\t\t}\n\t\t\t<\/style>\n\t\t\t\t\t\t\t<form method=\"post\" enctype=\"multipart\/form-data\" id=\"srfm-form-160\" class=\"srfm-form \"\n\t\t\t\tform-id=\"160\" after-submission=\"hide form\" message-type=\"same page\" success-url=\"\" ajaxurl=\"https:\/\/krajewskys.czerwinskis.de\/wp-admin\/admin-ajax.php\" data-submit-token=\"402231801b3d25e8a7cfc4725ea1dccde28b63b6e9b6fd0d4bca37eda67846d7\"\n\t\t\t\t>\n\t\t\t\t\n\t\t\t\t<input type=\"hidden\" value=\"160\" name=\"form-id\">\n\t\t\t\t<input type=\"hidden\" value=\"\" name=\"srfm-sender-email-field\" id=\"srfm-sender-email\">\n\t\t\t\t<input type=\"hidden\" value=\"\" id=\"srfm-page-break\">\n\t\t\t\t\t\t<p id=\"srfm-error-message\" class=\"srfm-common-error-message srfm-error-message srfm-head-error\" hidden>\t\t<span class=\"srfm-icon\" aria-hidden=\"true\">\n\t\t\t<svg xmlns='http:\/\/www.w3.org\/2000\/svg' width='20' height='20' fill='none'><path d='M9.99935 18.3327C14.6017 18.3327 18.3327 14.6017 18.3327 9.99935C18.3327 5.39698 14.6017 1.66602 9.99935 1.66602C5.39698 1.66602 1.66602 5.39698 1.66602 9.99935C1.66602 14.6017 5.39698 18.3327 9.99935 18.3327Z' stroke='currentColor' stroke-width='1.5' stroke-linecap='round' stroke-linejoin='round' \/><path d='M10 6.66602V9.99935' stroke='currentColor' stroke-width='1.5' stroke-linecap='round' stroke-linejoin='round' \/><path d='M10 13.334H10.0083' stroke='currentColor' stroke-width='1.5' stroke-linecap='round' stroke-linejoin='round' \/><\/svg>\t\t<\/span>\n\t\t<span class=\"srfm-error-content\">Beim Absenden Ihres Formulars ist ein Fehler aufgetreten. Bitte versuchen Sie es erneut.<\/span><\/p>\n\t\t\t\t\t\t<div data-block-id=\"0d66a52c\" class=\"wp-block-uagb-advanced-heading uagb-block uagb-block-0d66a52c 160 \" >\n\t\t\t\t\t<h3 class=\"uagb-heading-text\">Nenne uns deine Guilty Pleasures<\/h3>\t\t\t\t<\/div>\n\t\t\t\n\n\t\t\t<div data-block-id=\"0a16381a\" class=\"srfm-block-single srfm-block srfm-input-block srf-input-0a16381a-block  srfm-block-width-100 srfm-slug-text-field 160\" >\n\t\t\t\t\t\t\t\t<label id=\"srfm-label-0a16381a-lbl-V2VyIHNpbmd04oCZcz8\" for=\"srfm-input-0a16381a-lbl-V2VyIHNpbmd04oCZcz8\" class=\"srfm-block-label\">\n\t\t\t\t\t\tWer singt\u2019s?\t\t\t\t\t\t\t\t\t\t\t\t\t<span class=\"srfm-required\" aria-hidden=\"true\"> *<\/span>\n\t\t\t\t\t\t\t\t\t\t\t<\/label>\n\t\t\t\t\t\t\t\t\t\t\t\t<div class=\"srfm-block-wrap\">\n\t\t\t\t<input class=\"srfm-input-common srfm-input-input\" type=\"text\" name=\"srfm-input-0a16381a-lbl-V2VyIHNpbmd04oCZcz8-text-field\" id=\"srfm-input-0a16381a-lbl-V2VyIHNpbmd04oCZcz8\"\n\t\t\t\t\taria-describedby='srfm-error-0a16381a'\t\t\t\t\tdata-required=\"true\" aria-required=\"true\" data-unique=\"false\" maxlength=\"100\" value=\"\"  placeholder=\"Interpret*in\"  data-srfm-mask=\"none\"   \/>\n\t\t\t\t<\/div>\n\t\t\t\t<div class=\"srfm-error-wrap\">\n\t\t\t\t\t\t\t\t\t\t<div class=\"srfm-error-message\" data-srfm-id=\"srfm-error-0a16381a\" data-error-msg=\"Dieses Feld ist erforderlich.\" data-unique-msg=\"Der Wert muss einzigartig sein.\">\n\t\t\t\t\t\tDieses Feld ist erforderlich.\t\t\t\t\t<\/div>\n\t\t\t\t\t\t\t\t\t<\/div>\n\t\t\t<\/div>\n\t\t\n\n\t\t\t<div data-block-id=\"2d85b319\" class=\"srfm-block-single srfm-block srfm-input-block srf-input-2d85b319-block  srfm-block-width-100 srfm-slug-text-field-1 160\" >\n\t\t\t\t\t\t\t\t<label id=\"srfm-label-2d85b319-lbl-V2llIGhlacOfdCBkYXMgZ3V0ZSBTdMO8Y2s\/\" for=\"srfm-input-2d85b319-lbl-V2llIGhlacOfdCBkYXMgZ3V0ZSBTdMO8Y2s\/\" class=\"srfm-block-label\">\n\t\t\t\t\t\tWie hei\u00dft das gute St\u00fcck?\t\t\t\t\t\t\t\t\t\t\t\t\t<span class=\"srfm-required\" aria-hidden=\"true\"> *<\/span>\n\t\t\t\t\t\t\t\t\t\t\t<\/label>\n\t\t\t\t\t\t\t\t\t\t\t\t<div class=\"srfm-block-wrap\">\n\t\t\t\t<input class=\"srfm-input-common srfm-input-input\" type=\"text\" name=\"srfm-input-2d85b319-lbl-V2llIGhlacOfdCBkYXMgZ3V0ZSBTdMO8Y2s\/-text-field-1\" id=\"srfm-input-2d85b319-lbl-V2llIGhlacOfdCBkYXMgZ3V0ZSBTdMO8Y2s\/\"\n\t\t\t\t\taria-describedby='srfm-error-2d85b319'\t\t\t\t\tdata-required=\"true\" aria-required=\"true\" data-unique=\"false\" maxlength=\"100\" value=\"\"  placeholder=\"Titel\"  data-srfm-mask=\"none\"   \/>\n\t\t\t\t<\/div>\n\t\t\t\t<div class=\"srfm-error-wrap\">\n\t\t\t\t\t\t\t\t\t\t<div class=\"srfm-error-message\" data-srfm-id=\"srfm-error-2d85b319\" data-error-msg=\"Dieses Feld ist erforderlich.\" data-unique-msg=\"Der Wert muss einzigartig sein.\">\n\t\t\t\t\t\tDieses Feld ist erforderlich.\t\t\t\t\t<\/div>\n\t\t\t\t\t\t\t\t\t<\/div>\n\t\t\t<\/div>\n\t\t\n\n\t\t\t<div data-block-id=\"44121fda\" class=\"srfm-block-single srfm-block srfm-input-block srf-input-44121fda-block  srfm-block-width-100 srfm-slug-text-field-2 160\" >\n\t\t\t\t\t\t\t\t<label id=\"srfm-label-44121fda-lbl-RGllIEd1aWx0eSBQbGVhc3VyZS1CZWljaHRl\" for=\"srfm-input-44121fda-lbl-RGllIEd1aWx0eSBQbGVhc3VyZS1CZWljaHRl\" class=\"srfm-block-label\">\n\t\t\t\t\t\tDie Guilty Pleasure-Beichte\t\t\t\t\t\t\t\t\t\t\t<\/label>\n\t\t\t\t\t\t\t\t\t\t\t\t<div class=\"srfm-block-wrap\">\n\t\t\t\t<input class=\"srfm-input-common srfm-input-input\" type=\"text\" name=\"srfm-input-44121fda-lbl-RGllIEd1aWx0eSBQbGVhc3VyZS1CZWljaHRl-text-field-2\" id=\"srfm-input-44121fda-lbl-RGllIEd1aWx0eSBQbGVhc3VyZS1CZWljaHRl\"\n\t\t\t\t\taria-describedby='srfm-error-44121fda'\t\t\t\t\tdata-required=\"false\" aria-required=\"false\" data-unique=\"false\" maxlength=\"100\" value=\"\"  placeholder=\"Warum sehen wir dich bei dem Song auf der Tanzfl\u00e4che?\"  data-srfm-mask=\"none\"   \/>\n\t\t\t\t<\/div>\n\t\t\t\t<div class=\"srfm-error-wrap\">\n\t\t\t\t\t\t\t\t\t\t<div class=\"srfm-error-message\" data-srfm-id=\"srfm-error-44121fda\" data-error-msg=\"Dieses Feld ist erforderlich.\" data-unique-msg=\"Der Wert muss einzigartig sein.\">\n\t\t\t\t\t\tDieses Feld ist erforderlich.\t\t\t\t\t<\/div>\n\t\t\t\t\t\t\t\t\t<\/div>\n\t\t\t<\/div>\n\t\t\t\t\t\t\t\n\t\t\t\t\t\n\t\t\t\t\t<div class=\"srfm-submit-container \" style=\"\">\n\t\t\t\t\t\t<div style=\"width: ; text-align: left\" class=\"wp-block-button\">\n\t\t\t\t\t\t\t\t\t\t\t\t\t\t\t\t\t\t\t<button style=\"\" id=\"srfm-submit-btn\" class=\"srfm-btn-frontend srfm-button srfm-submit-button\"\n\t\t\t\t\t\t\t\t\t\t\t\t\t\t>\n\t\t\t\t\t\t\t\t<div class=\"srfm-submit-wrap\">\n\t\t\t\t\t\t\t\t\tZur Playlist Hinzuf\u00fcgen\t\t\t\t\t\t\t\t<div class=\"srfm-loader\"><\/div>\n\t\t\t\t\t\t\t\t<\/div>\n\t\t\t\t\t\t\t<\/button>\n\t\t\t\t\t\t\t\t\t\t\t\t\t\t\t\t\t\t<\/div>\n\t\t\t\t\t<\/div>\n\t\t\t\t\t\t\t<p id=\"srfm-error-message\" class=\"srfm-common-error-message srfm-error-message srfm-footer-error\" hidden>\t\t<span class=\"srfm-icon\" aria-hidden=\"true\">\n\t\t\t<svg xmlns='http:\/\/www.w3.org\/2000\/svg' width='20' height='20' fill='none'><path d='M9.99935 18.3327C14.6017 18.3327 18.3327 14.6017 18.3327 9.99935C18.3327 5.39698 14.6017 1.66602 9.99935 1.66602C5.39698 1.66602 1.66602 5.39698 1.66602 9.99935C1.66602 14.6017 5.39698 18.3327 9.99935 18.3327Z' stroke='currentColor' stroke-width='1.5' stroke-linecap='round' stroke-linejoin='round' \/><path d='M10 6.66602V9.99935' stroke='currentColor' stroke-width='1.5' stroke-linecap='round' stroke-linejoin='round' \/><path d='M10 13.334H10.0083' stroke='currentColor' stroke-width='1.5' stroke-linecap='round' stroke-linejoin='round' \/><\/svg>\t\t<\/span>\n\t\t<span class=\"srfm-error-content\">Beim Absenden Ihres Formulars ist ein Fehler aufgetreten. Bitte versuchen Sie es erneut.<\/span><\/p>\n\t\t\t\t\t<\/form>\n\t\t\t<div class=\"srfm-single-form srfm-success-box in-page\">\n\t\t\t\t<div aria-live=\"polite\" aria-atomic=\"true\" role=\"alert\" id=\"srfm-success-message-page-160\" class=\"srfm-success-box-description\"><\/div>\n\t\t\t<\/div>\n\t\t\t\t\t\t<\/div>\n\t\t<\/div>\n<\/div>\n\n\n\n<div style=\"height:calc( 0.25 * var(--wp--style--root--padding-right, var(--wp--custom--gap--horizontal)))\" aria-hidden=\"true\" class=\"wp-block-spacer\"><\/div>\n<\/div>\n","protected":false},"excerpt":{"rendered":"<p>Guilty Pleasures Jetzt seid ihr dran: Wir wollen eure Guilty Pleasure Songs wissen!Guilty Pleasure bedeutet Musik, die man heimlich liebt, laut mitsingt und offiziell nat\u00fcrlich niemals gut findet.Ob 90er-Hit, Trash-Pop oder peinlicher Ohrwurm \u2013 alles ist erlaubt. Gerne auch mehrere Songs oder die eine Nummer, die auf keinen Fall fehlen darf.Und keine Sorge: Eure Angaben [&hellip;]<\/p>\n","protected":false},"author":2,"featured_media":0,"parent":0,"menu_order":0,"comment_status":"closed","ping_status":"closed","template":"page-no-title","meta":{"footnotes":""},"class_list":["post-129","page","type-page","status-publish","hentry"],"_links":{"self":[{"href":"https:\/\/krajewskys.czerwinskis.de\/index.php\/wp-json\/wp\/v2\/pages\/129","targetHints":{"allow":["GET"]}}],"collection":[{"href":"https:\/\/krajewskys.czerwinskis.de\/index.php\/wp-json\/wp\/v2\/pages"}],"about":[{"href":"https:\/\/krajewskys.czerwinskis.de\/index.php\/wp-json\/wp\/v2\/types\/page"}],"author":[{"embeddable":true,"href":"https:\/\/krajewskys.czerwinskis.de\/index.php\/wp-json\/wp\/v2\/users\/2"}],"replies":[{"embeddable":true,"href":"https:\/\/krajewskys.czerwinskis.de\/index.php\/wp-json\/wp\/v2\/comments?post=129"}],"version-history":[{"count":12,"href":"https:\/\/krajewskys.czerwinskis.de\/index.php\/wp-json\/wp\/v2\/pages\/129\/revisions"}],"predecessor-version":[{"id":327,"href":"https:\/\/krajewskys.czerwinskis.de\/index.php\/wp-json\/wp\/v2\/pages\/129\/revisions\/327"}],"wp:attachment":[{"href":"https:\/\/krajewskys.czerwinskis.de\/index.php\/wp-json\/wp\/v2\/media?parent=129"}],"curies":[{"name":"wp","href":"https:\/\/api.w.org\/{rel}","templated":true}]}}